{"id":37,"date":"2023-07-25T13:09:38","date_gmt":"2023-07-25T11:09:38","guid":{"rendered":"https:\/\/www.ny.ljustero.se\/2023\/?page_id=37"},"modified":"2025-03-17T09:50:05","modified_gmt":"2025-03-17T08:50:05","slug":"shopping","status":"publish","type":"page","link":"https:\/\/www.ny.ljustero.se\/2023\/shopping\/","title":{"rendered":"Shopping"},"content":{"rendered":"\n<p><strong>\u2013\u00a0<\/strong>Ett bes\u00f6k vid\u00a0<em>Mora G\u00e5rd<\/em>\u00a0och Evas pittoreska lilla aff\u00e4r d\u00e4r du hittar allt fr\u00e5n tv\u00e5l till vackra kl\u00e4der.<br><strong>\u2013\u00a0<\/strong><em>Linan\u00e4s G\u00e4stamn<\/em>\u00a0har en liten aff\u00e4r d\u00e4r du hittar allt vad du beh\u00f6ver, l\u00e4ttare luncher, kaffe med tilltugg och en bensinstation. En g\u00e4sthamn d\u00e4r du \u00e4ven kan duscha och anv\u00e4nda toaletten.<br><strong>\u2013\u00a0<\/strong><em>Tempo\u00a0<\/em>\u00e4r v\u00e5r stora matvaruaff\u00e4r som ligger centralt p\u00e5 Ljuster\u00f6 torg.<br><strong>\u2013\u00a0<\/strong>Det finns loppis i\u00a0<em>Sundvik\u00a0<\/em>mot \u00d6stra Lagn\u00f6, vid \u00d6stan\u00e5 f\u00e4rjel\u00e4ge, varje \u00e5r d\u00e5 vi har Linan\u00e4sdagen s\u00e5 \u00e4r det loppis l\u00e4ngs en del av\u00a0<em>Linan\u00e4sv\u00e4gen. <\/em><br>&#8211; <em>Bakluckeloppis<\/em>\u00a0vid Bygdeg\u00e5rden och p\u00e5 parkeringen vid Ljuster\u00f6 torg.<br><strong>\u2013<\/strong><em><strong>\u00a0<\/strong>Helena &amp; Co <\/em>hittar du p\u00e5 Ljuster\u00f6 torg. H\u00e4r kan ni handla ost, chark, gr\u00f6nsaker och lyxiga delikatesser.<br><strong>\u2013<\/strong><em><strong>\u00a0<\/strong>Klintsundet Marina <\/em>hittar du p\u00e5 v\u00e4gen till \u00d6stra Lagn\u00f6. H\u00e4r EKO-lanthandel &amp; G\u00e5rdsbutik.<\/p>\n\n\n\n<div id=\"pfg-gallery-226\" class=\"pfg-gallery-wrapper pfg-loading pfg-template-modern-cards\" data-gallery-id=\"226\" data-multi-select=\"false\" data-filter-logic=\"or\" data-filter-hierarchy=\"[]\" data-url-param=\"filter\" data-version=\"2.1.5\" data-lightbox-title=\"true\" data-lightbox-description=\"false\" data-show-preloader=\"true\" data-image-links=\"false\"><div class=\"pfg-preloader\"><div class=\"pfg-preloader-spinner\"><\/div><span class=\"pfg-preloader-text\">Loading...<\/span><\/div><div class=\"pfg-grid pfg-grid--large\" style=\"--pfg-gap: 20px; --pfg-border-radius: 0px; --pfg-radius: 0px; --pfg-overlay-color: rgba(0, 0, 0, 0.7); --pfg-primary-color: #94a3b8; --pfg-caption-text: #1e293b; --pfg-caption-bg: #ffffff\"><div class=\"pfg-item  pfg-item-hover--hvr-grow-shadow\" data-id=\"229\"><span class=\"pfg-item-type-icon pfg-item-type-icon--link\" title=\"External Link\"><svg xmlns=\"http:\/\/www.w3.org\/2000\/svg\" viewBox=\"0 0 24 24\" fill=\"currentColor\" width=\"14\" height=\"14\"><path d=\"M19 19H5V5h7V3H5c-1.11 0-2 .9-2 2v14c0 1.1.89 2 2 2h14c1.1 0 2-.9 2-2v-7h-2v7zM14 3v2h3.59l-9.83 9.83 1.41 1.41L19 6.41V10h2V3h-7z\"\/><\/svg><\/span><a href=\"https:\/\/moragardpresenter.weebly.com\/\" class=\"pfg-item-link\" target=\"_blank\" rel=\"noopener\"><img src=\"https:\/\/www.ny.ljustero.se\/2023\/wp-content\/uploads\/2024\/02\/mora-gard-presenter.png\" srcset=\"https:\/\/www.ny.ljustero.se\/2023\/wp-content\/uploads\/2024\/02\/mora-gard-presenter.png 491w, https:\/\/www.ny.ljustero.se\/2023\/wp-content\/uploads\/2024\/02\/mora-gard-presenter-300x200.png 300w\" sizes=\"(min-width: 1200px) 33vw, (min-width: 992px) 100vw, (min-width: 768px) 33vw, 100vw\" alt=\"Mora g\u00e5rd presenter\" loading=\"eager\" decoding=\"async\" class=\"pfg-item-image\"><div class=\"pfg-item-caption pfg-item-caption--overlay\"><h3 class=\"pfg-item-title\">Mora g\u00e5rd presenter<\/h3><\/div><\/a><\/div><div class=\"pfg-item  pfg-item-hover--hvr-grow-shadow\" data-id=\"231\"><span class=\"pfg-item-type-icon pfg-item-type-icon--link\" title=\"External Link\"><svg xmlns=\"http:\/\/www.w3.org\/2000\/svg\" viewBox=\"0 0 24 24\" fill=\"currentColor\" width=\"14\" height=\"14\"><path d=\"M19 19H5V5h7V3H5c-1.11 0-2 .9-2 2v14c0 1.1.89 2 2 2h14c1.1 0 2-.9 2-2v-7h-2v7zM14 3v2h3.59l-9.83 9.83 1.41 1.41L19 6.41V10h2V3h-7z\"\/><\/svg><\/span><a href=\"https:\/\/www.facebook.com\/linanas.gasthamn\/?locale=sv_SE\" class=\"pfg-item-link\" target=\"_blank\" rel=\"noopener\"><img src=\"https:\/\/www.ny.ljustero.se\/2023\/wp-content\/uploads\/2024\/02\/linanas-gasthamn.jpg\" srcset=\"https:\/\/www.ny.ljustero.se\/2023\/wp-content\/uploads\/2024\/02\/linanas-gasthamn.jpg 500w, https:\/\/www.ny.ljustero.se\/2023\/wp-content\/uploads\/2024\/02\/linanas-gasthamn-300x169.jpg 300w\" sizes=\"(min-width: 1200px) 33vw, (min-width: 992px) 100vw, (min-width: 768px) 33vw, 100vw\" alt=\"Linan\u00e4s g\u00e4sthamn\" loading=\"eager\" decoding=\"async\" class=\"pfg-item-image\"><div class=\"pfg-item-caption pfg-item-caption--overlay\"><h3 class=\"pfg-item-title\">Linan\u00e4s g\u00e4sthamn<\/h3><\/div><\/a><\/div><div class=\"pfg-item  pfg-item-hover--hvr-grow-shadow\" data-id=\"181\"><span class=\"pfg-item-type-icon pfg-item-type-icon--link\" title=\"External Link\"><svg xmlns=\"http:\/\/www.w3.org\/2000\/svg\" viewBox=\"0 0 24 24\" fill=\"currentColor\" width=\"14\" height=\"14\"><path d=\"M19 19H5V5h7V3H5c-1.11 0-2 .9-2 2v14c0 1.1.89 2 2 2h14c1.1 0 2-.9 2-2v-7h-2v7zM14 3v2h3.59l-9.83 9.83 1.41 1.41L19 6.41V10h2V3h-7z\"\/><\/svg><\/span><a href=\"https:\/\/www.tempo.se\/butiker-och-oppettider\/ljustero-torget\/\" class=\"pfg-item-link\" target=\"_blank\" rel=\"noopener\"><img src=\"https:\/\/www.ny.ljustero.se\/2023\/wp-content\/uploads\/2023\/12\/tempo.jpg\" srcset=\"https:\/\/www.ny.ljustero.se\/2023\/wp-content\/uploads\/2023\/12\/tempo.jpg 331w, https:\/\/www.ny.ljustero.se\/2023\/wp-content\/uploads\/2023\/12\/tempo-300x138.jpg 300w\" sizes=\"(min-width: 1200px) 33vw, (min-width: 992px) 100vw, (min-width: 768px) 33vw, 100vw\" alt=\"Tempo\" loading=\"eager\" decoding=\"async\" class=\"pfg-item-image\"><div class=\"pfg-item-caption pfg-item-caption--overlay\"><h3 class=\"pfg-item-title\">Tempo<\/h3><\/div><\/a><\/div><div class=\"pfg-item  pfg-item-hover--hvr-grow-shadow\" data-id=\"227\"><span class=\"pfg-item-type-icon pfg-item-type-icon--link\" title=\"External Link\"><svg xmlns=\"http:\/\/www.w3.org\/2000\/svg\" viewBox=\"0 0 24 24\" fill=\"currentColor\" width=\"14\" height=\"14\"><path d=\"M19 19H5V5h7V3H5c-1.11 0-2 .9-2 2v14c0 1.1.89 2 2 2h14c1.1 0 2-.9 2-2v-7h-2v7zM14 3v2h3.59l-9.83 9.83 1.41 1.41L19 6.41V10h2V3h-7z\"\/><\/svg><\/span><a href=\"https:\/\/www.ljusterobygdegard.se\/Inneh-ll\/\" class=\"pfg-item-link\" target=\"_blank\" rel=\"noopener\"><img src=\"https:\/\/www.ny.ljustero.se\/2023\/wp-content\/uploads\/2024\/02\/ljustero-bygdegard.jpg\" srcset=\"https:\/\/www.ny.ljustero.se\/2023\/wp-content\/uploads\/2024\/02\/ljustero-bygdegard.jpg 500w, https:\/\/www.ny.ljustero.se\/2023\/wp-content\/uploads\/2024\/02\/ljustero-bygdegard-300x260.jpg 300w\" sizes=\"(min-width: 1200px) 33vw, (min-width: 992px) 100vw, (min-width: 768px) 33vw, 100vw\" alt=\"Ljuster\u00f6 bygdeg\u00e5rd\" loading=\"eager\" decoding=\"async\" class=\"pfg-item-image\"><div class=\"pfg-item-caption pfg-item-caption--overlay\"><h3 class=\"pfg-item-title\">Ljuster\u00f6 bygdeg\u00e5rd<\/h3><\/div><\/a><\/div><div class=\"pfg-item  pfg-item-hover--hvr-grow-shadow\" data-id=\"259\"><span class=\"pfg-item-type-icon pfg-item-type-icon--link\" title=\"External Link\"><svg xmlns=\"http:\/\/www.w3.org\/2000\/svg\" viewBox=\"0 0 24 24\" fill=\"currentColor\" width=\"14\" height=\"14\"><path d=\"M19 19H5V5h7V3H5c-1.11 0-2 .9-2 2v14c0 1.1.89 2 2 2h14c1.1 0 2-.9 2-2v-7h-2v7zM14 3v2h3.59l-9.83 9.83 1.41 1.41L19 6.41V10h2V3h-7z\"\/><\/svg><\/span><a href=\"https:\/\/helenaco.se\/\" class=\"pfg-item-link\" target=\"_blank\" rel=\"noopener\"><img src=\"https:\/\/www.ny.ljustero.se\/2023\/wp-content\/uploads\/2024\/02\/ost-o-deli.jpg\" srcset=\"https:\/\/www.ny.ljustero.se\/2023\/wp-content\/uploads\/2024\/02\/ost-o-deli.jpg 923w, https:\/\/www.ny.ljustero.se\/2023\/wp-content\/uploads\/2024\/02\/ost-o-deli-300x216.jpg 300w, https:\/\/www.ny.ljustero.se\/2023\/wp-content\/uploads\/2024\/02\/ost-o-deli-768x553.jpg 768w, https:\/\/www.ny.ljustero.se\/2023\/wp-content\/uploads\/2024\/02\/ost-o-deli-500x360.jpg 500w\" sizes=\"(min-width: 1200px) 33vw, (min-width: 992px) 100vw, (min-width: 768px) 33vw, 100vw\" alt=\"Helena &amp; Co bistro\" loading=\"eager\" decoding=\"async\" class=\"pfg-item-image\"><div class=\"pfg-item-caption pfg-item-caption--overlay\"><h3 class=\"pfg-item-title\">Helena &amp; Co bistro<\/h3><\/div><\/a><\/div><div class=\"pfg-item  pfg-item-hover--hvr-grow-shadow\" data-id=\"456\"><span class=\"pfg-item-type-icon pfg-item-type-icon--link\" title=\"External Link\"><svg xmlns=\"http:\/\/www.w3.org\/2000\/svg\" viewBox=\"0 0 24 24\" fill=\"currentColor\" width=\"14\" height=\"14\"><path d=\"M19 19H5V5h7V3H5c-1.11 0-2 .9-2 2v14c0 1.1.89 2 2 2h14c1.1 0 2-.9 2-2v-7h-2v7zM14 3v2h3.59l-9.83 9.83 1.41 1.41L19 6.41V10h2V3h-7z\"\/><\/svg><\/span><a href=\"https:\/\/klintsundetmarina.se\/\" class=\"pfg-item-link\" target=\"_blank\" rel=\"noopener\"><img src=\"https:\/\/www.ny.ljustero.se\/2023\/wp-content\/uploads\/2025\/03\/klintan-2.jpg\" srcset=\"https:\/\/www.ny.ljustero.se\/2023\/wp-content\/uploads\/2025\/03\/klintan-2.jpg 365w, https:\/\/www.ny.ljustero.se\/2023\/wp-content\/uploads\/2025\/03\/klintan-2-244x300.jpg 244w\" sizes=\"(min-width: 1200px) 33vw, (min-width: 992px) 100vw, (min-width: 768px) 33vw, 100vw\" alt=\"Klintsundet marina\" loading=\"eager\" decoding=\"async\" class=\"pfg-item-image\"><div class=\"pfg-item-caption pfg-item-caption--overlay\"><h3 class=\"pfg-item-title\">Klintsundet marina<\/h3><\/div><\/a><\/div><\/div><\/div>\n","protected":false},"excerpt":{"rendered":"<p>\u2013\u00a0Ett bes\u00f6k vid\u00a0Mora G\u00e5rd\u00a0och Evas pittoreska lilla aff\u00e4r d\u00e4r du hittar allt fr\u00e5n tv\u00e5l till vackra kl\u00e4der.\u2013\u00a0Linan\u00e4s G\u00e4stamn\u00a0har en liten aff\u00e4r d\u00e4r du hittar allt vad du beh\u00f6ver, l\u00e4ttare luncher, kaffe med tilltugg och en bensinstation. En g\u00e4sthamn d\u00e4r du &hellip; <\/p>\n<p class=\"link-more\"><a href=\"https:\/\/www.ny.ljustero.se\/2023\/shopping\/\" class=\"more-link\">Continue reading<span class=\"screen-reader-text\"> &#8221;Shopping&#8221;<\/span><\/a><\/p>\n","protected":false},"author":1,"featured_media":0,"parent":0,"menu_order":0,"comment_status":"closed","ping_status":"closed","template":"","meta":{"footnotes":""},"class_list":["post-37","page","type-page","status-publish","hentry"],"_links":{"self":[{"href":"https:\/\/www.ny.ljustero.se\/2023\/wp-json\/wp\/v2\/pages\/37","targetHints":{"allow":["GET"]}}],"collection":[{"href":"https:\/\/www.ny.ljustero.se\/2023\/wp-json\/wp\/v2\/pages"}],"about":[{"href":"https:\/\/www.ny.ljustero.se\/2023\/wp-json\/wp\/v2\/types\/page"}],"author":[{"embeddable":true,"href":"https:\/\/www.ny.ljustero.se\/2023\/wp-json\/wp\/v2\/users\/1"}],"replies":[{"embeddable":true,"href":"https:\/\/www.ny.ljustero.se\/2023\/wp-json\/wp\/v2\/comments?post=37"}],"version-history":[{"count":6,"href":"https:\/\/www.ny.ljustero.se\/2023\/wp-json\/wp\/v2\/pages\/37\/revisions"}],"predecessor-version":[{"id":455,"href":"https:\/\/www.ny.ljustero.se\/2023\/wp-json\/wp\/v2\/pages\/37\/revisions\/455"}],"wp:attachment":[{"href":"https:\/\/www.ny.ljustero.se\/2023\/wp-json\/wp\/v2\/media?parent=37"}],"curies":[{"name":"wp","href":"https:\/\/api.w.org\/{rel}","templated":true}]}}