{"id":28,"date":"2023-07-25T13:02:13","date_gmt":"2023-07-25T11:02:13","guid":{"rendered":"https:\/\/www.ny.ljustero.se\/2023\/?page_id=28"},"modified":"2024-02-06T18:52:23","modified_gmt":"2024-02-06T17:52:23","slug":"idrottsaktiviteter","status":"publish","type":"page","link":"https:\/\/www.ny.ljustero.se\/2023\/idrottsaktiviteter\/","title":{"rendered":"Idrottsaktiviteter"},"content":{"rendered":"\n<p>I Laggarsvik finns 2 st <em>padelbanor,&nbsp;fotbollsplan, boulebana, tennisbana och tennisv\u00e4gg<\/em>. <\/p>\n\n\n\n<p>En&nbsp;<em>18 h\u00e5ls golfbana<\/em>&nbsp;hittar du i V\u00e4sby.&nbsp;<\/p>\n\n\n\n<p><em>Natur och Sagostigen<\/em>&nbsp;finner du starten vid Granliden, naturstigen \u00e4r 4 respektive 6 km l\u00e5ng och sagostigen ber\u00e4ttar om Nils Karlsson Pyssling.<\/p>\n\n\n\n<p><em>Hyr kajak och paddla<\/em>&nbsp;i v\u00e5ra vackra vatten, det finns flera st\u00e4llen runtom \u00f6n som hyr ut kajaker.<\/p>\n\n\n\n<div id=\"pfg-gallery-233\" class=\"pfg-gallery-wrapper pfg-loading pfg-template-modern-cards\" data-gallery-id=\"233\" data-multi-select=\"false\" data-filter-logic=\"or\" data-filter-hierarchy=\"[]\" data-url-param=\"filter\" data-version=\"2.1.5\" data-lightbox-title=\"true\" data-lightbox-description=\"false\" data-show-preloader=\"true\" data-image-links=\"false\"><div class=\"pfg-preloader\"><div class=\"pfg-preloader-spinner\"><\/div><span class=\"pfg-preloader-text\">Loading...<\/span><\/div><div class=\"pfg-grid pfg-grid--large\" style=\"--pfg-gap: 20px; --pfg-border-radius: 0px; --pfg-radius: 0px; --pfg-overlay-color: rgba(0, 0, 0, 0.7); --pfg-primary-color: #94a3b8; --pfg-caption-text: #1e293b; --pfg-caption-bg: #ffffff\"><div class=\"pfg-item  pfg-item-hover--hvr-grow-shadow\" data-id=\"236\"><span class=\"pfg-item-type-icon pfg-item-type-icon--link\" title=\"External Link\"><svg xmlns=\"http:\/\/www.w3.org\/2000\/svg\" viewBox=\"0 0 24 24\" fill=\"currentColor\" width=\"14\" height=\"14\"><path d=\"M19 19H5V5h7V3H5c-1.11 0-2 .9-2 2v14c0 1.1.89 2 2 2h14c1.1 0 2-.9 2-2v-7h-2v7zM14 3v2h3.59l-9.83 9.83 1.41 1.41L19 6.41V10h2V3h-7z\"\/><\/svg><\/span><a href=\"https:\/\/www.ljustero-is.se\/\" class=\"pfg-item-link\" target=\"_blank\" rel=\"noopener\"><img src=\"https:\/\/www.ny.ljustero.se\/2023\/wp-content\/uploads\/2024\/02\/ljustero-idrott.jpg\" srcset=\"https:\/\/www.ny.ljustero.se\/2023\/wp-content\/uploads\/2024\/02\/ljustero-idrott.jpg 500w, https:\/\/www.ny.ljustero.se\/2023\/wp-content\/uploads\/2024\/02\/ljustero-idrott-300x225.jpg 300w\" sizes=\"(min-width: 1200px) 33vw, (min-width: 992px) 100vw, (min-width: 768px) 33vw, 100vw\" alt=\"Ljuster\u00f6 IS \u2013 Laggarsvik\" loading=\"eager\" decoding=\"async\" class=\"pfg-item-image\"><div class=\"pfg-item-caption pfg-item-caption--overlay\"><h3 class=\"pfg-item-title\">Ljuster\u00f6 IS \u2013 Laggarsvik<\/h3><\/div><\/a><\/div><div class=\"pfg-item  pfg-item-hover--hvr-grow-shadow\" data-id=\"235\"><span class=\"pfg-item-type-icon pfg-item-type-icon--link\" title=\"External Link\"><svg xmlns=\"http:\/\/www.w3.org\/2000\/svg\" viewBox=\"0 0 24 24\" fill=\"currentColor\" width=\"14\" height=\"14\"><path d=\"M19 19H5V5h7V3H5c-1.11 0-2 .9-2 2v14c0 1.1.89 2 2 2h14c1.1 0 2-.9 2-2v-7h-2v7zM14 3v2h3.59l-9.83 9.83 1.41 1.41L19 6.41V10h2V3h-7z\"\/><\/svg><\/span><a href=\"https:\/\/ljusterogolf.se\/\" class=\"pfg-item-link\" target=\"_blank\" rel=\"noopener\"><img src=\"https:\/\/www.ny.ljustero.se\/2023\/wp-content\/uploads\/2024\/02\/ljustero-golf.jpg\" srcset=\"https:\/\/www.ny.ljustero.se\/2023\/wp-content\/uploads\/2024\/02\/ljustero-golf.jpg 500w, https:\/\/www.ny.ljustero.se\/2023\/wp-content\/uploads\/2024\/02\/ljustero-golf-291x300.jpg 291w\" sizes=\"(min-width: 1200px) 33vw, (min-width: 992px) 100vw, (min-width: 768px) 33vw, 100vw\" alt=\"Ljuster\u00f6 golf\" loading=\"eager\" decoding=\"async\" class=\"pfg-item-image\"><div class=\"pfg-item-caption pfg-item-caption--overlay\"><h3 class=\"pfg-item-title\">Ljuster\u00f6 golf<\/h3><\/div><\/a><\/div><div class=\"pfg-item  pfg-item-hover--hvr-grow-shadow\" data-id=\"237\"><span class=\"pfg-item-type-icon pfg-item-type-icon--link\" title=\"External Link\"><svg xmlns=\"http:\/\/www.w3.org\/2000\/svg\" viewBox=\"0 0 24 24\" fill=\"currentColor\" width=\"14\" height=\"14\"><path d=\"M19 19H5V5h7V3H5c-1.11 0-2 .9-2 2v14c0 1.1.89 2 2 2h14c1.1 0 2-.9 2-2v-7h-2v7zM14 3v2h3.59l-9.83 9.83 1.41 1.41L19 6.41V10h2V3h-7z\"\/><\/svg><\/span><a href=\"https:\/\/ljusterokajaksport.se\/\" class=\"pfg-item-link\" target=\"_blank\" rel=\"noopener\"><img src=\"https:\/\/www.ny.ljustero.se\/2023\/wp-content\/uploads\/2024\/02\/ljustero-kajaksport.jpg\" srcset=\"https:\/\/www.ny.ljustero.se\/2023\/wp-content\/uploads\/2024\/02\/ljustero-kajaksport.jpg 450w, https:\/\/www.ny.ljustero.se\/2023\/wp-content\/uploads\/2024\/02\/ljustero-kajaksport-225x300.jpg 225w\" sizes=\"(min-width: 1200px) 33vw, (min-width: 992px) 100vw, (min-width: 768px) 33vw, 100vw\" alt=\"Ljuster\u00f6 kajaksport\" loading=\"eager\" decoding=\"async\" class=\"pfg-item-image\"><div class=\"pfg-item-caption pfg-item-caption--overlay\"><h3 class=\"pfg-item-title\">Ljuster\u00f6 kajaksport<\/h3><\/div><\/a><\/div><div class=\"pfg-item  pfg-item-hover--hvr-grow-shadow\" data-id=\"234\"><span class=\"pfg-item-type-icon pfg-item-type-icon--link\" title=\"External Link\"><svg xmlns=\"http:\/\/www.w3.org\/2000\/svg\" viewBox=\"0 0 24 24\" fill=\"currentColor\" width=\"14\" height=\"14\"><path d=\"M19 19H5V5h7V3H5c-1.11 0-2 .9-2 2v14c0 1.1.89 2 2 2h14c1.1 0 2-.9 2-2v-7h-2v7zM14 3v2h3.59l-9.83 9.83 1.41 1.41L19 6.41V10h2V3h-7z\"\/><\/svg><\/span><a href=\"https:\/\/klintsundetmarina.se\/\" class=\"pfg-item-link\" target=\"_blank\" rel=\"noopener\"><img src=\"https:\/\/www.ny.ljustero.se\/2023\/wp-content\/uploads\/2024\/02\/klintsundet-marina.jpg\" srcset=\"https:\/\/www.ny.ljustero.se\/2023\/wp-content\/uploads\/2024\/02\/klintsundet-marina.jpg 500w, https:\/\/www.ny.ljustero.se\/2023\/wp-content\/uploads\/2024\/02\/klintsundet-marina-300x110.jpg 300w\" sizes=\"(min-width: 1200px) 33vw, (min-width: 992px) 100vw, (min-width: 768px) 33vw, 100vw\" alt=\"Klintsundet marina\" loading=\"eager\" decoding=\"async\" class=\"pfg-item-image\"><div class=\"pfg-item-caption pfg-item-caption--overlay\"><h3 class=\"pfg-item-title\">Klintsundet marina<\/h3><\/div><\/a><\/div><\/div><\/div>\n","protected":false},"excerpt":{"rendered":"<p>I Laggarsvik finns 2 st padelbanor,&nbsp;fotbollsplan, boulebana, tennisbana och tennisv\u00e4gg. En&nbsp;18 h\u00e5ls golfbana&nbsp;hittar du i V\u00e4sby.&nbsp; Natur och Sagostigen&nbsp;finner du starten vid Granliden, naturstigen \u00e4r 4 respektive 6 km l\u00e5ng och sagostigen ber\u00e4ttar om Nils Karlsson Pyssling. Hyr kajak och &hellip; <\/p>\n<p class=\"link-more\"><a href=\"https:\/\/www.ny.ljustero.se\/2023\/idrottsaktiviteter\/\" class=\"more-link\">Continue reading<span class=\"screen-reader-text\"> &#8221;Idrottsaktiviteter&#8221;<\/span><\/a><\/p>\n","protected":false},"author":1,"featured_media":0,"parent":0,"menu_order":0,"comment_status":"closed","ping_status":"closed","template":"","meta":{"footnotes":""},"class_list":["post-28","page","type-page","status-publish","hentry"],"_links":{"self":[{"href":"https:\/\/www.ny.ljustero.se\/2023\/wp-json\/wp\/v2\/pages\/28","targetHints":{"allow":["GET"]}}],"collection":[{"href":"https:\/\/www.ny.ljustero.se\/2023\/wp-json\/wp\/v2\/pages"}],"about":[{"href":"https:\/\/www.ny.ljustero.se\/2023\/wp-json\/wp\/v2\/types\/page"}],"author":[{"embeddable":true,"href":"https:\/\/www.ny.ljustero.se\/2023\/wp-json\/wp\/v2\/users\/1"}],"replies":[{"embeddable":true,"href":"https:\/\/www.ny.ljustero.se\/2023\/wp-json\/wp\/v2\/comments?post=28"}],"version-history":[{"count":2,"href":"https:\/\/www.ny.ljustero.se\/2023\/wp-json\/wp\/v2\/pages\/28\/revisions"}],"predecessor-version":[{"id":238,"href":"https:\/\/www.ny.ljustero.se\/2023\/wp-json\/wp\/v2\/pages\/28\/revisions\/238"}],"wp:attachment":[{"href":"https:\/\/www.ny.ljustero.se\/2023\/wp-json\/wp\/v2\/media?parent=28"}],"curies":[{"name":"wp","href":"https:\/\/api.w.org\/{rel}","templated":true}]}}