{"id":26,"date":"2023-07-25T13:00:14","date_gmt":"2023-07-25T11:00:14","guid":{"rendered":"https:\/\/www.ny.ljustero.se\/2023\/?page_id=26"},"modified":"2023-12-29T16:06:16","modified_gmt":"2023-12-29T15:06:16","slug":"bada","status":"publish","type":"page","link":"https:\/\/www.ny.ljustero.se\/2023\/bada\/","title":{"rendered":"Bada"},"content":{"rendered":"\n<p>Det finns m\u00e5nga platser runt om \u00f6n d\u00e4r man kan bada. <\/p>\n\n\n\n<ul class=\"wp-block-list\">\n<li>Det allm\u00e4nna badet \u201dLilla badberget\u201d i Linan\u00e4s som kommunen sk\u00f6ter. <\/li>\n\n\n\n<li>Stora badberget ligger utmed Dyviksrundan ut mot Saxarfj\u00e4rden och \u00e4r endast allm\u00e4n plats. <\/li>\n\n\n\n<li>Naturreservatet p\u00e5 \u00d6stra Lagn\u00f6 \u00e4r ett annat f\u00f6rslag.<\/li>\n<\/ul>\n\n\n\n<div id=\"pfg-gallery-211\" class=\"pfg-gallery-wrapper pfg-loading pfg-template-modern-cards\" data-gallery-id=\"211\" data-multi-select=\"false\" data-filter-logic=\"or\" data-filter-hierarchy=\"[]\" data-url-param=\"filter\" data-version=\"2.1.5\" data-lightbox-title=\"true\" data-lightbox-description=\"false\" data-show-preloader=\"true\" data-image-links=\"false\"><div class=\"pfg-preloader\"><div class=\"pfg-preloader-spinner\"><\/div><span class=\"pfg-preloader-text\">Loading...<\/span><\/div><div class=\"pfg-grid pfg-grid--large\" style=\"--pfg-gap: 20px; --pfg-border-radius: 0px; --pfg-radius: 0px; --pfg-overlay-color: rgba(0, 0, 0, 0.7); --pfg-primary-color: #94a3b8; --pfg-caption-text: #1e293b; --pfg-caption-bg: #ffffff\"><div class=\"pfg-item  pfg-item-hover--hvr-grow-shadow\" data-id=\"213\"><a href=\"https:\/\/www.ny.ljustero.se\/2023\/wp-content\/uploads\/2023\/12\/lilla-badberget.jpg\" class=\"pfg-item-link\" data-lightbox=\"pfg-211\" data-title=\"Lilla badberget\"><img src=\"https:\/\/www.ny.ljustero.se\/2023\/wp-content\/uploads\/2023\/12\/lilla-badberget.jpg\" srcset=\"https:\/\/www.ny.ljustero.se\/2023\/wp-content\/uploads\/2023\/12\/lilla-badberget.jpg 500w, https:\/\/www.ny.ljustero.se\/2023\/wp-content\/uploads\/2023\/12\/lilla-badberget-300x170.jpg 300w\" sizes=\"(min-width: 1200px) 50vw, (min-width: 992px) 100vw, (min-width: 768px) 33vw, 100vw\" alt=\"Lilla badberget\" loading=\"eager\" decoding=\"async\" class=\"pfg-item-image\"><div class=\"pfg-item-caption pfg-item-caption--overlay\"><h3 class=\"pfg-item-title\">Lilla badberget<\/h3><\/div><\/a><\/div><div class=\"pfg-item  pfg-item-hover--hvr-grow-shadow\" data-id=\"212\"><span class=\"pfg-item-type-icon pfg-item-type-icon--link\" title=\"External Link\"><svg xmlns=\"http:\/\/www.w3.org\/2000\/svg\" viewBox=\"0 0 24 24\" fill=\"currentColor\" width=\"14\" height=\"14\"><path d=\"M19 19H5V5h7V3H5c-1.11 0-2 .9-2 2v14c0 1.1.89 2 2 2h14c1.1 0 2-.9 2-2v-7h-2v7zM14 3v2h3.59l-9.83 9.83 1.41 1.41L19 6.41V10h2V3h-7z\"\/><\/svg><\/span><a href=\"https:\/\/www.badkartan.se\/049265\/images\/49265_1047100615310180841\" class=\"pfg-item-link\" target=\"_blank\" rel=\"noopener\"><img src=\"https:\/\/www.ny.ljustero.se\/2023\/wp-content\/uploads\/2023\/12\/stora-badberget.jpg\" srcset=\"https:\/\/www.ny.ljustero.se\/2023\/wp-content\/uploads\/2023\/12\/stora-badberget.jpg 500w, https:\/\/www.ny.ljustero.se\/2023\/wp-content\/uploads\/2023\/12\/stora-badberget-300x300.jpg 300w, https:\/\/www.ny.ljustero.se\/2023\/wp-content\/uploads\/2023\/12\/stora-badberget-150x150.jpg 150w\" sizes=\"(min-width: 1200px) 50vw, (min-width: 992px) 100vw, (min-width: 768px) 33vw, 100vw\" alt=\"Stora badberget\" loading=\"eager\" decoding=\"async\" class=\"pfg-item-image\"><div class=\"pfg-item-caption pfg-item-caption--overlay\"><h3 class=\"pfg-item-title\">Stora badberget<\/h3><\/div><\/a><\/div><div class=\"pfg-item  pfg-item-hover--hvr-grow-shadow\" data-id=\"214\"><span class=\"pfg-item-type-icon pfg-item-type-icon--link\" title=\"External Link\"><svg xmlns=\"http:\/\/www.w3.org\/2000\/svg\" viewBox=\"0 0 24 24\" fill=\"currentColor\" width=\"14\" height=\"14\"><path d=\"M19 19H5V5h7V3H5c-1.11 0-2 .9-2 2v14c0 1.1.89 2 2 2h14c1.1 0 2-.9 2-2v-7h-2v7zM14 3v2h3.59l-9.83 9.83 1.41 1.41L19 6.41V10h2V3h-7z\"\/><\/svg><\/span><a href=\"https:\/\/www.lansstyrelsen.se\/stockholm\/besoksmal\/naturreservat\/sjalbottna-ostra-lagno.html?sv.target=12.382c024b1800285d5863a89d&#038;sv.12.382c024b1800285d5863a89d.route=\/&#038;searchString=&#038;counties=&#038;municipalities=&#038;reserveTypes=&#038;natureTypes=&#038;accessibility=&#038;facilities=&#038;sort=none\" class=\"pfg-item-link\" target=\"_blank\" rel=\"noopener\"><img src=\"https:\/\/www.ny.ljustero.se\/2023\/wp-content\/uploads\/2023\/12\/Ostra-Lagno.jpg\" srcset=\"https:\/\/www.ny.ljustero.se\/2023\/wp-content\/uploads\/2023\/12\/Ostra-Lagno.jpg 500w, https:\/\/www.ny.ljustero.se\/2023\/wp-content\/uploads\/2023\/12\/Ostra-Lagno-300x164.jpg 300w\" sizes=\"(min-width: 1200px) 50vw, (min-width: 992px) 100vw, (min-width: 768px) 33vw, 100vw\" alt=\"\u00d6stra Lagn\u00f6 Naturresarvat\" loading=\"eager\" decoding=\"async\" class=\"pfg-item-image\"><div class=\"pfg-item-caption pfg-item-caption--overlay\"><h3 class=\"pfg-item-title\">\u00d6stra Lagn\u00f6 Naturresarvat<\/h3><\/div><\/a><\/div><\/div><\/div>\n","protected":false},"excerpt":{"rendered":"<p>Det finns m\u00e5nga platser runt om \u00f6n d\u00e4r man kan bada.<\/p>\n","protected":false},"author":1,"featured_media":0,"parent":0,"menu_order":0,"comment_status":"closed","ping_status":"closed","template":"","meta":{"footnotes":""},"class_list":["post-26","page","type-page","status-publish","hentry"],"_links":{"self":[{"href":"https:\/\/www.ny.ljustero.se\/2023\/wp-json\/wp\/v2\/pages\/26","targetHints":{"allow":["GET"]}}],"collection":[{"href":"https:\/\/www.ny.ljustero.se\/2023\/wp-json\/wp\/v2\/pages"}],"about":[{"href":"https:\/\/www.ny.ljustero.se\/2023\/wp-json\/wp\/v2\/types\/page"}],"author":[{"embeddable":true,"href":"https:\/\/www.ny.ljustero.se\/2023\/wp-json\/wp\/v2\/users\/1"}],"replies":[{"embeddable":true,"href":"https:\/\/www.ny.ljustero.se\/2023\/wp-json\/wp\/v2\/comments?post=26"}],"version-history":[{"count":3,"href":"https:\/\/www.ny.ljustero.se\/2023\/wp-json\/wp\/v2\/pages\/26\/revisions"}],"predecessor-version":[{"id":215,"href":"https:\/\/www.ny.ljustero.se\/2023\/wp-json\/wp\/v2\/pages\/26\/revisions\/215"}],"wp:attachment":[{"href":"https:\/\/www.ny.ljustero.se\/2023\/wp-json\/wp\/v2\/media?parent=26"}],"curies":[{"name":"wp","href":"https:\/\/api.w.org\/{rel}","templated":true}]}}