{"id":204,"date":"2023-12-29T15:45:33","date_gmt":"2023-12-29T14:45:33","guid":{"rendered":"https:\/\/www.ny.ljustero.se\/2023\/?page_id=204"},"modified":"2023-12-29T15:45:33","modified_gmt":"2023-12-29T14:45:33","slug":"valkommen-till-ljustero","status":"publish","type":"page","link":"https:\/\/www.ny.ljustero.se\/2023\/valkommen-till-ljustero\/","title":{"rendered":"V\u00e4lkommen till Ljuster\u00f6"},"content":{"rendered":"\n<p>Ljuster\u00f6 \u00e4r en av Stockholms sk\u00e4rg\u00e5rds st\u00f6rsta \u00f6ar. Ljuster\u00f6 erbjuder dig m\u00e5ngfald. H\u00e4r finns akitiviteter som passar alla och det \u00e4r v\u00e4ldigt l\u00e4tt att ta sig hit.<\/p>\n\n\n\n<p>Du kan \u00e5ka hit med en gratis v\u00e4gf\u00e4rja fr\u00e5n fastlandet, \u00f6verfarten tar bara 5 min. \u00c5k \u00f6ver med egen bil, bussen, motorcykel, cykel eller g\u00e5. Du \u00e5ker \u00f6ver Saxarfj\u00e4rden som \u00e4r farleden in till Stockholm. Har du tur ser du stora kryssningsfartyg fara f\u00f6rbi, du kan ocks\u00e5 skymta Siar\u00f6fortet en bit bort. Redan h\u00e4r f\u00e5r du en vacker upplevelse.<\/p>\n\n\n\n<p>V\u00e4ljer du att \u00e5ka b\u00e5t till Ljuster\u00f6 s\u00e5 g\u00e5r Waxholmsb\u00e5tarna fr\u00e5n Stockholm och Vaxholm och du kan g\u00e5 iland p\u00e5 m\u00e5nga bryggor p\u00e5 \u00f6n. Linan\u00e4s \u00e4r den popul\u00e4raste d\u00e5 det finns mycket att titta p\u00e5 h\u00e4r samt restauranger, fik, livsmedel, g\u00e4sthamn, bensin f\u00f6r b\u00e5de b\u00e5t och bil med mera. Linan\u00e4s \u00e4r oerh\u00f6rt charmigt med mycket b\u00e5tfolk. H\u00e4r kan man bo p\u00e5 vattnet eller i havsn\u00e4ra rum. Samh\u00e4llet Linan\u00e4s \u00e4r Ljuster\u00f6 traditionella huvudort. L\u00e4s mer h\u00e4r.<\/p>\n\n\n\n<p>\u00d6ns servicecentrum ligger p\u00e5 Ljuster\u00f6 torg. Kommer du hit via v\u00e4gf\u00e4rjan ligger torget i korsningen d\u00e4r du m\u00e5ste best\u00e4mma dig om du vill \u00e5ka till s\u00f6dra eller norra Ljuster\u00f6. H\u00e4r finns livsmedel med post, spel- och systemombud, fik, olika butiker och restauranger s\u00e5som Ljuster\u00f6 Ost &amp; Deli, Ljuster\u00f6 Sushi. Ljuster\u00f6 Pizza, Thai Nan. H\u00e4r huserar \u00e4ven Sk\u00f6nhetsavdelningen med fris\u00f6r, massage, tandhygienist och fotv\u00e5rd. L\u00e4s mer h\u00e4r.<\/p>\n\n\n\n<p>Hyr en stuga p\u00e5 Ljuster\u00f6, d\u00e5 kan du ha Ljuster\u00f6 som bas f\u00f6r b\u00e5tutflykter till andra sk\u00e4rg\u00e5rds\u00f6ar, Ingmars\u00f6, Husar\u00f6, Blid\u00f6, Arholma, R\u00f6dl\u00f6ga och inte minst sk\u00e4rg\u00e5rdsstaden Vaxholm.<\/p>\n\n\n\n<p>Ta en tur mot V\u00e4stra Lagn\u00f6 och \u00d6stra Lagn\u00f6. V\u00e4gen ut p\u00e5 den smala tarmen som sticker ut fr\u00e5n Ljuster\u00f6 rakt mot yttersk\u00e4rg\u00e5rden \u00e4r magiskt vacker och m\u00e5ste upplevas. Man \u00e5ker \u00f6ver bron vid Klintsundet och kommer till \u00d6stra Lagn\u00f6 som l\u00e4ngst ut har ett vidunderligt naturreservat som \u00e4r handikappanpassat med fina g\u00e5ngv\u00e4gar bland betande djur. Klipporna h\u00e4r ute b\u00e4r sp\u00e5r av inlandsisen. Utsikten m\u00e5ste upplevas.<\/p>\n\n\n\n<p><em>V\u00e4lkommen till v\u00e5r \u00f6!<\/em><\/p>\n","protected":false},"excerpt":{"rendered":"<p>Ljuster\u00f6 \u00e4r en av Stockholms sk\u00e4rg\u00e5rds st\u00f6rsta \u00f6ar. Ljuster\u00f6 erbjuder dig m\u00e5ngfald. H\u00e4r finns akitiviteter som passar alla och det \u00e4r v\u00e4ldigt l\u00e4tt att ta sig hit. Du kan \u00e5ka hit med en gratis v\u00e4gf\u00e4rja fr\u00e5n fastlandet, \u00f6verfarten tar bara &hellip; <\/p>\n<p class=\"link-more\"><a href=\"https:\/\/www.ny.ljustero.se\/2023\/valkommen-till-ljustero\/\" class=\"more-link\">Continue reading<span class=\"screen-reader-text\"> &#8221;V\u00e4lkommen till Ljuster\u00f6&#8221;<\/span><\/a><\/p>\n","protected":false},"author":1,"featured_media":0,"parent":0,"menu_order":0,"comment_status":"closed","ping_status":"closed","template":"","meta":{"footnotes":""},"class_list":["post-204","page","type-page","status-publish","hentry"],"_links":{"self":[{"href":"https:\/\/www.ny.ljustero.se\/2023\/wp-json\/wp\/v2\/pages\/204","targetHints":{"allow":["GET"]}}],"collection":[{"href":"https:\/\/www.ny.ljustero.se\/2023\/wp-json\/wp\/v2\/pages"}],"about":[{"href":"https:\/\/www.ny.ljustero.se\/2023\/wp-json\/wp\/v2\/types\/page"}],"author":[{"embeddable":true,"href":"https:\/\/www.ny.ljustero.se\/2023\/wp-json\/wp\/v2\/users\/1"}],"replies":[{"embeddable":true,"href":"https:\/\/www.ny.ljustero.se\/2023\/wp-json\/wp\/v2\/comments?post=204"}],"version-history":[{"count":1,"href":"https:\/\/www.ny.ljustero.se\/2023\/wp-json\/wp\/v2\/pages\/204\/revisions"}],"predecessor-version":[{"id":205,"href":"https:\/\/www.ny.ljustero.se\/2023\/wp-json\/wp\/v2\/pages\/204\/revisions\/205"}],"wp:attachment":[{"href":"https:\/\/www.ny.ljustero.se\/2023\/wp-json\/wp\/v2\/media?parent=204"}],"curies":[{"name":"wp","href":"https:\/\/api.w.org\/{rel}","templated":true}]}}