{"id":196,"date":"2023-12-29T15:32:48","date_gmt":"2023-12-29T14:32:48","guid":{"rendered":"https:\/\/www.ny.ljustero.se\/2023\/?page_id=196"},"modified":"2024-02-06T19:24:32","modified_gmt":"2024-02-06T18:24:32","slug":"se-gora","status":"publish","type":"page","link":"https:\/\/www.ny.ljustero.se\/2023\/se-gora\/","title":{"rendered":"Se &#038; G\u00f6ra"},"content":{"rendered":"\n<div class=\"wp-block-media-text is-stacked-on-mobile\"><figure class=\"wp-block-media-text__media\"><img loading=\"lazy\" decoding=\"async\" width=\"500\" height=\"300\" src=\"https:\/\/www.ny.ljustero.se\/2023\/wp-content\/uploads\/2023\/12\/bad.jpg\" alt=\"\" class=\"wp-image-151 size-full\" srcset=\"https:\/\/www.ny.ljustero.se\/2023\/wp-content\/uploads\/2023\/12\/bad.jpg 500w, https:\/\/www.ny.ljustero.se\/2023\/wp-content\/uploads\/2023\/12\/bad-300x180.jpg 300w\" sizes=\"auto, (max-width: 500px) 100vw, 500px\" \/><\/figure><div class=\"wp-block-media-text__content\">\n<p>Det finns m\u00e5nga platser runt om \u00f6n d\u00e4r man kan bada. <\/p>\n\n\n\n<p>Det allm\u00e4nna badet \u201dLilla badberget\u201d i Linan\u00e4s som kommunen sk\u00f6ter. Stora badberget ligger utmed Dyviksrundan ut mot Saxarfj\u00e4rden. <\/p>\n\n\n\n<p>Naturreservatet p\u00e5 \u00d6stra Lagn\u00f6 \u00e4r ett annat f\u00f6rslag.<\/p>\n<\/div><\/div>\n\n\n\n<hr class=\"wp-block-separator has-alpha-channel-opacity\"\/>\n\n\n\n<div class=\"wp-block-group\"><div class=\"wp-block-group__inner-container is-layout-constrained wp-block-group-is-layout-constrained\">\n<div class=\"wp-block-group\"><div class=\"wp-block-group__inner-container is-layout-constrained wp-block-group-is-layout-constrained\">\n<div class=\"wp-block-media-text is-stacked-on-mobile\"><figure class=\"wp-block-media-text__media\"><img loading=\"lazy\" decoding=\"async\" width=\"500\" height=\"224\" src=\"https:\/\/www.ny.ljustero.se\/2023\/wp-content\/uploads\/2023\/12\/vandring.jpg\" alt=\"\" class=\"wp-image-145 size-full\" srcset=\"https:\/\/www.ny.ljustero.se\/2023\/wp-content\/uploads\/2023\/12\/vandring.jpg 500w, https:\/\/www.ny.ljustero.se\/2023\/wp-content\/uploads\/2023\/12\/vandring-300x134.jpg 300w\" sizes=\"auto, (max-width: 500px) 100vw, 500px\" \/><\/figure><div class=\"wp-block-media-text__content\">\n<p>Det finns m\u00e5nga vackra v\u00e4gar innanf\u00f6r den stora Ljuster\u00f6v\u00e4gen s\u00e5 g\u00f6r dina egna uppt\u00e4ckter.<\/p>\n\n\n\n<p>Promenera i\u00a0Linan\u00e4s<em>\u00a0<\/em>och titta p\u00e5 alla vackra sekelskifteshus eller i den gamla tysta fiskebyn Laggarsvik. N\u00e4r du vandrar till\u00a0Vadholma\/\u00d6ran\u00a0s\u00e5 kan du bes\u00f6ka Ljuster\u00f6s h\u00f6gsta topp\u00a0Ljuster\u00f6 Huvud\u00a0med en fantastisk utsikt. <\/p>\n\n\n\n<p>\u00d6stra Lagn\u00f6 naturreservat\u00a0\u00e4r en plats ingen f\u00e5r gl\u00f6mma att uppleva, f\u00f6r natur\u00e4lskare, f\u00e5gelsk\u00e5dare, livsnjutare och alla vi som uppskattar det vackra och stilla, det karga och stormiga.<\/p>\n<\/div><\/div>\n<\/div><\/div>\n<\/div><\/div>\n\n\n\n<hr class=\"wp-block-separator has-alpha-channel-opacity\"\/>\n\n\n\n<div class=\"wp-block-media-text is-stacked-on-mobile\"><figure class=\"wp-block-media-text__media\"><img loading=\"lazy\" decoding=\"async\" width=\"318\" height=\"159\" src=\"https:\/\/www.ny.ljustero.se\/2023\/wp-content\/uploads\/2023\/07\/idrott.jpg\" alt=\"\" class=\"wp-image-49 size-full\" srcset=\"https:\/\/www.ny.ljustero.se\/2023\/wp-content\/uploads\/2023\/07\/idrott.jpg 318w, https:\/\/www.ny.ljustero.se\/2023\/wp-content\/uploads\/2023\/07\/idrott-300x150.jpg 300w\" sizes=\"auto, (max-width: 318px) 100vw, 318px\" \/><\/figure><div class=\"wp-block-media-text__content\">\n<p>P\u00e5 Ljuster\u00f6 har du m\u00e5nga m\u00f6jligheter till idrottsaktiviteter.<\/p>\n\n\n\n<p>I Laggarsvik finns 2 st paddelbanor,\u00a0fotbollsplan, boulebana, tennisbana och tennisv\u00e4gg. <\/p>\n\n\n\n<p>En\u00a018 h\u00e5ls golfbana\u00a0hittar du i V\u00e4sby.\u00a0<\/p>\n\n\n\n<p>Natur och Sagostigen\u00a0finner du starten vid Granliden, naturstigen \u00e4r 4 respektive 6 km l\u00e5ng och sagostigen ber\u00e4ttar om Nils Karlsson Pyssling.<\/p>\n\n\n\n<p>Hyr kajak och paddla\u00a0i v\u00e5ra vackra vatten, det finns flera st\u00e4llen runtom \u00f6n som hyr ut kajaker.<\/p>\n<\/div><\/div>\n\n\n\n<hr class=\"wp-block-separator has-alpha-channel-opacity\"\/>\n\n\n\n<div class=\"wp-block-media-text is-stacked-on-mobile\"><figure class=\"wp-block-media-text__media\"><img loading=\"lazy\" decoding=\"async\" width=\"500\" height=\"437\" src=\"https:\/\/www.ny.ljustero.se\/2023\/wp-content\/uploads\/2023\/12\/shopping.jpg\" alt=\"\" class=\"wp-image-148 size-full\" srcset=\"https:\/\/www.ny.ljustero.se\/2023\/wp-content\/uploads\/2023\/12\/shopping.jpg 500w, https:\/\/www.ny.ljustero.se\/2023\/wp-content\/uploads\/2023\/12\/shopping-300x262.jpg 300w\" sizes=\"auto, (max-width: 500px) 100vw, 500px\" \/><\/figure><div class=\"wp-block-media-text__content\">\n<p>F\u00f6rutom det du hittar p\u00e5 Ljuster\u00f6 torg finns m\u00e5nga andra m\u00f6jligheter till shopping p\u00e5 \u00f6n.<\/p>\n\n\n\n<p>Ett bes\u00f6k vid\u00a0Mora G\u00e5rd\u00a0och Evas pittoreska lilla aff\u00e4r d\u00e4r du hittar allt fr\u00e5n tv\u00e5l till vackra kl\u00e4der.<\/p>\n\n\n\n<p>Linan\u00e4s G\u00e4stamn\u00a0har en liten aff\u00e4r d\u00e4r du hittar allt vad du beh\u00f6ver, l\u00e4ttare luncher, kaffe med tilltugg och en bensinstation. En g\u00e4sthamn d\u00e4r du \u00e4ven kan duscha och anv\u00e4nda toaletten.<\/p>\n\n\n\n<p>Tempo<em>\u00a0<\/em>\u00e4r v\u00e5r stora matvaruaff\u00e4r som ligger centralt p\u00e5 Ljuster\u00f6 torg.<\/p>\n\n\n\n<p>Det finns loppis i\u00a0Sundvik<em>\u00a0<\/em>mot \u00d6stra Lagn\u00f6, vid \u00d6stan\u00e5 f\u00e4rjel\u00e4ge, varje \u00e5r d\u00e5 vi har Linan\u00e4sdagen s\u00e5 \u00e4r det loppis l\u00e4ngs en del av\u00a0Linan\u00e4sv\u00e4gen. Bakluckeloppis\u00a0vid Bygdeg\u00e5rden och p\u00e5 parkeringen vid Ljuster\u00f6 torg.<\/p>\n<\/div><\/div>\n\n\n\n<hr class=\"wp-block-separator has-alpha-channel-opacity\"\/>\n\n\n\n<div class=\"wp-block-media-text is-stacked-on-mobile\"><figure class=\"wp-block-media-text__media\"><img loading=\"lazy\" decoding=\"async\" width=\"500\" height=\"317\" src=\"https:\/\/www.ny.ljustero.se\/2023\/wp-content\/uploads\/2023\/12\/museer.jpg\" alt=\"\" class=\"wp-image-147 size-full\" srcset=\"https:\/\/www.ny.ljustero.se\/2023\/wp-content\/uploads\/2023\/12\/museer.jpg 500w, https:\/\/www.ny.ljustero.se\/2023\/wp-content\/uploads\/2023\/12\/museer-300x190.jpg 300w\" sizes=\"auto, (max-width: 500px) 100vw, 500px\" \/><\/figure><div class=\"wp-block-media-text__content\">\n<p>Vi har 3 olika museer p\u00e5 \u00f6n.<\/p>\n\n\n\n<p>Hembygdsmuseet\u00a0ligger i Mellansj\u00f6 som visar hur man bodde, handlade, fiskade och mycket mer f\u00f6r 100 tals \u00e5r sen.<\/p>\n\n\n\n<p>Bj\u00f6rklidens museum\u00a0\u00e4r \u00f6ppen n\u00e5gra veckor varje sommar som visar bla telefonv\u00e4xlar och annat fr\u00e5n f\u00f6rr.<\/p>\n\n\n\n<p>V\u00e4sterg\u00e5rden<em>\u00a0<\/em>\u00e4r en gammal bondg\u00e5rd som ordnar olika aktiviteter \u00e5ret runt.<\/p>\n<\/div><\/div>\n","protected":false},"excerpt":{"rendered":"<p>Det finns m\u00e5nga platser runt om \u00f6n d\u00e4r man kan bada. Det allm\u00e4nna badet \u201dLilla badberget\u201d i Linan\u00e4s som kommunen sk\u00f6ter. Stora badberget ligger utmed Dyviksrundan ut mot Saxarfj\u00e4rden. Naturreservatet p\u00e5 \u00d6stra Lagn\u00f6 \u00e4r ett annat f\u00f6rslag. Det finns m\u00e5nga &hellip; <\/p>\n<p class=\"link-more\"><a href=\"https:\/\/www.ny.ljustero.se\/2023\/se-gora\/\" class=\"more-link\">Continue reading<span class=\"screen-reader-text\"> &#8221;Se &#038; G\u00f6ra&#8221;<\/span><\/a><\/p>\n","protected":false},"author":1,"featured_media":0,"parent":0,"menu_order":0,"comment_status":"closed","ping_status":"closed","template":"","meta":{"footnotes":""},"class_list":["post-196","page","type-page","status-publish","hentry"],"_links":{"self":[{"href":"https:\/\/www.ny.ljustero.se\/2023\/wp-json\/wp\/v2\/pages\/196","targetHints":{"allow":["GET"]}}],"collection":[{"href":"https:\/\/www.ny.ljustero.se\/2023\/wp-json\/wp\/v2\/pages"}],"about":[{"href":"https:\/\/www.ny.ljustero.se\/2023\/wp-json\/wp\/v2\/types\/page"}],"author":[{"embeddable":true,"href":"https:\/\/www.ny.ljustero.se\/2023\/wp-json\/wp\/v2\/users\/1"}],"replies":[{"embeddable":true,"href":"https:\/\/www.ny.ljustero.se\/2023\/wp-json\/wp\/v2\/comments?post=196"}],"version-history":[{"count":5,"href":"https:\/\/www.ny.ljustero.se\/2023\/wp-json\/wp\/v2\/pages\/196\/revisions"}],"predecessor-version":[{"id":249,"href":"https:\/\/www.ny.ljustero.se\/2023\/wp-json\/wp\/v2\/pages\/196\/revisions\/249"}],"wp:attachment":[{"href":"https:\/\/www.ny.ljustero.se\/2023\/wp-json\/wp\/v2\/media?parent=196"}],"curies":[{"name":"wp","href":"https:\/\/api.w.org\/{rel}","templated":true}]}}