{"id":18,"date":"2023-07-25T12:46:21","date_gmt":"2023-07-25T10:46:21","guid":{"rendered":"https:\/\/www.ny.ljustero.se\/2023\/?page_id=18"},"modified":"2025-09-26T11:27:11","modified_gmt":"2025-09-26T09:27:11","slug":"mat-dryck","status":"publish","type":"page","link":"https:\/\/www.ny.ljustero.se\/2023\/mat-dryck\/","title":{"rendered":"Mat &#038; Dryck"},"content":{"rendered":"\n<ul class=\"wp-block-list\">\n<li><em>Sk\u00e4rg\u00e5rn&nbsp;<\/em>ligger i Linan\u00e4s vid vattnet som erbjuder bla uts\u00f6kt sk\u00e4rg\u00e5rdstallrik med en utsikt<br>\u00f6ver Saxarfj\u00e4rden.<\/li>\n<\/ul>\n\n\n\n<ul class=\"wp-block-list\">\n<li><em>Linan\u00e4sbryggan <\/em>ligger i Linan\u00e4s vid vattnet och erbjuder uts\u00f6kt mat. Man kan \u00e4ven bes\u00f6ka champagnebaren p\u00e5 taket i anslutning till restaurangen. <\/li>\n<\/ul>\n\n\n\n<ul class=\"wp-block-list\">\n<li><em>Ljuster\u00f6 Grill och kiosk<\/em>&nbsp;ligger vid Ljuster\u00f6 f\u00e4rjel\u00e4ge som reserverar lunch och middagsbrickor.<br><\/li>\n\n\n\n<li><em>Linan\u00e4s G\u00e4sthamn<\/em>&nbsp;serverar sallad och f\u00e4rdiga sm\u00f6rg\u00e5sar mm.<br><\/li>\n\n\n\n<li><em>Tempo <\/em>p\u00e5 Ljuster\u00f6 torg erbjuder sallader p\u00e5&nbsp;<em>caf\u00e9et<\/em><br><\/li>\n\n\n\n<li><em>Restaurang Turquoise<\/em> hittar du b\u00e5de p\u00e5 Ljuster\u00f6 torg och i Lillstr\u00f6m. P\u00e5 torget serveras klassisk lunch och i Lillstr\u00f6m serveras brunch och medelhavsmat.<br><\/li>\n\n\n\n<li><em>\u00d6stan\u00e5 Sj\u00f6krog<\/em>&nbsp;h\u00e4r serveras sp\u00e4nnande matr\u00e4tter med en utsikt \u00f6ver sundet som trafikeras av Finlandsb\u00e5tarna.<br><\/li>\n\n\n\n<li><em>Ljuster\u00f6 lanthandel\u00a0<\/em>hittar du p\u00e5 Ljuster\u00f6 torg. Bistro med h\u00e4rliga delikatesser.<br><\/li>\n\n\n\n<li><em>Klintan <\/em>hittar du vid Klintsundets marina. H\u00e4r serveras mat fr\u00e5n en foodtruck.<br><\/li>\n\n\n\n<li><em>Jacobs grill<\/em> hittar du p\u00e5 Ljuster\u00f6 torg. Fantastiska smashed burger.<br><\/li>\n\n\n\n<li><em>Pizzeria Ljuster\u00f6<\/em> finns p\u00e5 Ljuster\u00f6 torg. Pizzeria som \u00e4ven serverar kebab, hamburgare, sallad mm.<br><\/li>\n\n\n\n<li><em>Thai Nan Ljuster\u00f6 torg<\/em>. Thaimat.<br><\/li>\n\n\n\n<li><em>Gelato&amp;Chill<\/em> Ljuster\u00f6. Prisvinnande hemmagjord artisan italiensk gelato och cookies mm.<br><\/li>\n\n\n\n<li><em>Ljuster\u00f6 golf<\/em>, restaurangen. L\u00e4ckra r\u00e4tter med noga utvalda r\u00e5varor.<br><\/li>\n<\/ul>\n\n\n\n<p><\/p>\n\n\n\n<div id=\"pfg-gallery-172\" class=\"pfg-gallery-wrapper pfg-loading pfg-template-modern-cards\" data-gallery-id=\"172\" data-multi-select=\"false\" data-filter-logic=\"or\" data-filter-hierarchy=\"[]\" data-url-param=\"filter\" data-version=\"2.1.5\" data-lightbox-title=\"true\" data-lightbox-description=\"false\" data-show-preloader=\"true\" data-image-links=\"false\"><div class=\"pfg-preloader\"><div class=\"pfg-preloader-spinner\"><\/div><span class=\"pfg-preloader-text\">Loading...<\/span><\/div><div class=\"pfg-grid pfg-grid--large\" style=\"--pfg-gap: 20px; --pfg-border-radius: 0px; --pfg-radius: 0px; --pfg-overlay-color: rgba(0, 0, 0, 0.7); --pfg-primary-color: #94a3b8; --pfg-caption-text: #1e293b; --pfg-caption-bg: #ffffff\"><div class=\"pfg-item  pfg-item-hover--hvr-grow-shadow\" data-id=\"180\"><span class=\"pfg-item-type-icon pfg-item-type-icon--link\" title=\"External Link\"><svg xmlns=\"http:\/\/www.w3.org\/2000\/svg\" viewBox=\"0 0 24 24\" fill=\"currentColor\" width=\"14\" height=\"14\"><path d=\"M19 19H5V5h7V3H5c-1.11 0-2 .9-2 2v14c0 1.1.89 2 2 2h14c1.1 0 2-.9 2-2v-7h-2v7zM14 3v2h3.59l-9.83 9.83 1.41 1.41L19 6.41V10h2V3h-7z\"\/><\/svg><\/span><a href=\"https:\/\/restaurangskargarden.se\/\" class=\"pfg-item-link\" target=\"_blank\" rel=\"noopener\"><img src=\"https:\/\/www.ny.ljustero.se\/2023\/wp-content\/uploads\/2023\/12\/skargarn.jpg\" srcset=\"https:\/\/www.ny.ljustero.se\/2023\/wp-content\/uploads\/2023\/12\/skargarn.jpg 680w, https:\/\/www.ny.ljustero.se\/2023\/wp-content\/uploads\/2023\/12\/skargarn-300x225.jpg 300w\" sizes=\"(min-width: 1200px) 33vw, (min-width: 992px) 100vw, (min-width: 768px) 33vw, 100vw\" alt=\"Sk\u00e4rg\u00e5rn Restaurang &amp; Bar\" loading=\"eager\" decoding=\"async\" class=\"pfg-item-image\"><div class=\"pfg-item-caption pfg-item-caption--overlay\"><h3 class=\"pfg-item-title\">Sk\u00e4rg\u00e5rn Restaurang &amp; Bar<\/h3><\/div><\/a><\/div><div class=\"pfg-item  pfg-item-hover--hvr-grow-shadow\" data-id=\"176\"><span class=\"pfg-item-type-icon pfg-item-type-icon--link\" title=\"External Link\"><svg xmlns=\"http:\/\/www.w3.org\/2000\/svg\" viewBox=\"0 0 24 24\" fill=\"currentColor\" width=\"14\" height=\"14\"><path d=\"M19 19H5V5h7V3H5c-1.11 0-2 .9-2 2v14c0 1.1.89 2 2 2h14c1.1 0 2-.9 2-2v-7h-2v7zM14 3v2h3.59l-9.83 9.83 1.41 1.41L19 6.41V10h2V3h-7z\"\/><\/svg><\/span><a href=\"https:\/\/www.linanasbryggan.se\/\" class=\"pfg-item-link\" target=\"_blank\" rel=\"noopener\"><img src=\"https:\/\/www.ny.ljustero.se\/2023\/wp-content\/uploads\/2023\/12\/linanasbryggan.jpg\" srcset=\"https:\/\/www.ny.ljustero.se\/2023\/wp-content\/uploads\/2023\/12\/linanasbryggan.jpg 680w, https:\/\/www.ny.ljustero.se\/2023\/wp-content\/uploads\/2023\/12\/linanasbryggan-300x200.jpg 300w\" sizes=\"(min-width: 1200px) 33vw, (min-width: 992px) 100vw, (min-width: 768px) 33vw, 100vw\" alt=\"Lin\u00e4sbryggan\" loading=\"eager\" decoding=\"async\" class=\"pfg-item-image\"><div class=\"pfg-item-caption pfg-item-caption--overlay\"><h3 class=\"pfg-item-title\">Lin\u00e4sbryggan<\/h3><\/div><\/a><\/div><div class=\"pfg-item  pfg-item-hover--hvr-grow-shadow\" data-id=\"177\"><span class=\"pfg-item-type-icon pfg-item-type-icon--link\" title=\"External Link\"><svg xmlns=\"http:\/\/www.w3.org\/2000\/svg\" viewBox=\"0 0 24 24\" fill=\"currentColor\" width=\"14\" height=\"14\"><path d=\"M19 19H5V5h7V3H5c-1.11 0-2 .9-2 2v14c0 1.1.89 2 2 2h14c1.1 0 2-.9 2-2v-7h-2v7zM14 3v2h3.59l-9.83 9.83 1.41 1.41L19 6.41V10h2V3h-7z\"\/><\/svg><\/span><a href=\"https:\/\/www.facebook.com\/p\/Ljusterfrjans-kroggrill-AB-100063791040181\/?locale=sv_SE\" class=\"pfg-item-link\" target=\"_blank\" rel=\"noopener\"><img src=\"https:\/\/www.ny.ljustero.se\/2023\/wp-content\/uploads\/2023\/12\/ljustero-grill-o-kiosk.jpg\" srcset=\"https:\/\/www.ny.ljustero.se\/2023\/wp-content\/uploads\/2023\/12\/ljustero-grill-o-kiosk.jpg 680w, https:\/\/www.ny.ljustero.se\/2023\/wp-content\/uploads\/2023\/12\/ljustero-grill-o-kiosk-300x225.jpg 300w\" sizes=\"(min-width: 1200px) 33vw, (min-width: 992px) 100vw, (min-width: 768px) 33vw, 100vw\" alt=\"Ljuster\u00f6 Grill &amp; Kiosk\" loading=\"eager\" decoding=\"async\" class=\"pfg-item-image\"><div class=\"pfg-item-caption pfg-item-caption--overlay\"><h3 class=\"pfg-item-title\">Ljuster\u00f6 Grill &amp; Kiosk<\/h3><\/div><\/a><\/div><div class=\"pfg-item  pfg-item-hover--hvr-grow-shadow\" data-id=\"179\"><span class=\"pfg-item-type-icon pfg-item-type-icon--link\" title=\"External Link\"><svg xmlns=\"http:\/\/www.w3.org\/2000\/svg\" viewBox=\"0 0 24 24\" fill=\"currentColor\" width=\"14\" height=\"14\"><path d=\"M19 19H5V5h7V3H5c-1.11 0-2 .9-2 2v14c0 1.1.89 2 2 2h14c1.1 0 2-.9 2-2v-7h-2v7zM14 3v2h3.59l-9.83 9.83 1.41 1.41L19 6.41V10h2V3h-7z\"\/><\/svg><\/span><a href=\"https:\/\/restaurangljusterotorg.se\/\" class=\"pfg-item-link\" target=\"_blank\" rel=\"noopener\"><img src=\"https:\/\/www.ny.ljustero.se\/2023\/wp-content\/uploads\/2023\/12\/restaurang-turquoise-1024x682.jpeg\" srcset=\"https:\/\/www.ny.ljustero.se\/2023\/wp-content\/uploads\/2023\/12\/restaurang-turquoise-1024x682.jpeg 1024w, https:\/\/www.ny.ljustero.se\/2023\/wp-content\/uploads\/2023\/12\/restaurang-turquoise-300x200.jpeg 300w, https:\/\/www.ny.ljustero.se\/2023\/wp-content\/uploads\/2023\/12\/restaurang-turquoise-768x512.jpeg 768w, https:\/\/www.ny.ljustero.se\/2023\/wp-content\/uploads\/2023\/12\/restaurang-turquoise.jpeg 1400w\" sizes=\"(min-width: 1200px) 33vw, (min-width: 992px) 100vw, (min-width: 768px) 33vw, 100vw\" alt=\"Restaurang Turquoise pizzeria, Lillstr\u00f6m\" loading=\"eager\" decoding=\"async\" class=\"pfg-item-image\"><div class=\"pfg-item-caption pfg-item-caption--overlay\"><h3 class=\"pfg-item-title\">Restaurang Turquoise pizzeria, Lillstr\u00f6m<\/h3><\/div><\/a><\/div><div class=\"pfg-item  pfg-item-hover--hvr-grow-shadow\" data-id=\"182\"><span class=\"pfg-item-type-icon pfg-item-type-icon--link\" title=\"External Link\"><svg xmlns=\"http:\/\/www.w3.org\/2000\/svg\" viewBox=\"0 0 24 24\" fill=\"currentColor\" width=\"14\" height=\"14\"><path d=\"M19 19H5V5h7V3H5c-1.11 0-2 .9-2 2v14c0 1.1.89 2 2 2h14c1.1 0 2-.9 2-2v-7h-2v7zM14 3v2h3.59l-9.83 9.83 1.41 1.41L19 6.41V10h2V3h-7z\"\/><\/svg><\/span><a href=\"https:\/\/www.xn--stansjkrog-45a3rh.se\/\" class=\"pfg-item-link\" target=\"_blank\" rel=\"noopener\"><img src=\"https:\/\/www.ny.ljustero.se\/2023\/wp-content\/uploads\/2023\/12\/ostana-sjokrog.jpg\" srcset=\"https:\/\/www.ny.ljustero.se\/2023\/wp-content\/uploads\/2023\/12\/ostana-sjokrog.jpg 550w, https:\/\/www.ny.ljustero.se\/2023\/wp-content\/uploads\/2023\/12\/ostana-sjokrog-300x225.jpg 300w\" sizes=\"(min-width: 1200px) 33vw, (min-width: 992px) 100vw, (min-width: 768px) 33vw, 100vw\" alt=\"\u00d6stan\u00e5 Sj\u00f6krog\" loading=\"eager\" decoding=\"async\" class=\"pfg-item-image\"><div class=\"pfg-item-caption pfg-item-caption--overlay\"><h3 class=\"pfg-item-title\">\u00d6stan\u00e5 Sj\u00f6krog<\/h3><\/div><\/a><\/div><div class=\"pfg-item  pfg-item-hover--hvr-grow-shadow\" data-id=\"259\"><span class=\"pfg-item-type-icon pfg-item-type-icon--link\" title=\"External Link\"><svg xmlns=\"http:\/\/www.w3.org\/2000\/svg\" viewBox=\"0 0 24 24\" fill=\"currentColor\" width=\"14\" height=\"14\"><path d=\"M19 19H5V5h7V3H5c-1.11 0-2 .9-2 2v14c0 1.1.89 2 2 2h14c1.1 0 2-.9 2-2v-7h-2v7zM14 3v2h3.59l-9.83 9.83 1.41 1.41L19 6.41V10h2V3h-7z\"\/><\/svg><\/span><a href=\"https:\/\/helenaco.se\/\" class=\"pfg-item-link\" target=\"_blank\" rel=\"noopener\"><img src=\"https:\/\/www.ny.ljustero.se\/2023\/wp-content\/uploads\/2024\/02\/ost-o-deli.jpg\" srcset=\"https:\/\/www.ny.ljustero.se\/2023\/wp-content\/uploads\/2024\/02\/ost-o-deli.jpg 923w, https:\/\/www.ny.ljustero.se\/2023\/wp-content\/uploads\/2024\/02\/ost-o-deli-300x216.jpg 300w, https:\/\/www.ny.ljustero.se\/2023\/wp-content\/uploads\/2024\/02\/ost-o-deli-768x553.jpg 768w, https:\/\/www.ny.ljustero.se\/2023\/wp-content\/uploads\/2024\/02\/ost-o-deli-500x360.jpg 500w\" sizes=\"(min-width: 1200px) 33vw, (min-width: 992px) 100vw, (min-width: 768px) 33vw, 100vw\" alt=\"Ljuster\u00f6 lanthandel\" loading=\"eager\" decoding=\"async\" class=\"pfg-item-image\"><div class=\"pfg-item-caption pfg-item-caption--overlay\"><h3 class=\"pfg-item-title\">Ljuster\u00f6 lanthandel<\/h3><\/div><\/a><\/div><div class=\"pfg-item  pfg-item-hover--hvr-grow-shadow\" data-id=\"447\"><span class=\"pfg-item-type-icon pfg-item-type-icon--link\" title=\"External Link\"><svg xmlns=\"http:\/\/www.w3.org\/2000\/svg\" viewBox=\"0 0 24 24\" fill=\"currentColor\" width=\"14\" height=\"14\"><path d=\"M19 19H5V5h7V3H5c-1.11 0-2 .9-2 2v14c0 1.1.89 2 2 2h14c1.1 0 2-.9 2-2v-7h-2v7zM14 3v2h3.59l-9.83 9.83 1.41 1.41L19 6.41V10h2V3h-7z\"\/><\/svg><\/span><a href=\"https:\/\/klintsundetmarina.se\/\" class=\"pfg-item-link\" target=\"_blank\" rel=\"noopener\"><img src=\"https:\/\/www.ny.ljustero.se\/2023\/wp-content\/uploads\/2025\/03\/klintan.jpg\" srcset=\"https:\/\/www.ny.ljustero.se\/2023\/wp-content\/uploads\/2025\/03\/klintan.jpg 364w, https:\/\/www.ny.ljustero.se\/2023\/wp-content\/uploads\/2025\/03\/klintan-300x217.jpg 300w\" sizes=\"(min-width: 1200px) 33vw, (min-width: 992px) 100vw, (min-width: 768px) 33vw, 100vw\" alt=\"Klintsundet marina\" loading=\"eager\" decoding=\"async\" class=\"pfg-item-image\"><div class=\"pfg-item-caption pfg-item-caption--overlay\"><h3 class=\"pfg-item-title\">Klintsundet marina<\/h3><\/div><\/a><\/div><div class=\"pfg-item  pfg-item-hover--hvr-grow-shadow\" data-id=\"448\"><span class=\"pfg-item-type-icon pfg-item-type-icon--link\" title=\"External Link\"><svg xmlns=\"http:\/\/www.w3.org\/2000\/svg\" viewBox=\"0 0 24 24\" fill=\"currentColor\" width=\"14\" height=\"14\"><path d=\"M19 19H5V5h7V3H5c-1.11 0-2 .9-2 2v14c0 1.1.89 2 2 2h14c1.1 0 2-.9 2-2v-7h-2v7zM14 3v2h3.59l-9.83 9.83 1.41 1.41L19 6.41V10h2V3h-7z\"\/><\/svg><\/span><a href=\"https:\/\/restaurangljusterotorg.se\/\" class=\"pfg-item-link\" target=\"_blank\" rel=\"noopener\"><img src=\"https:\/\/www.ny.ljustero.se\/2023\/wp-content\/uploads\/2025\/03\/turqouise.jpg\" srcset=\"https:\/\/www.ny.ljustero.se\/2023\/wp-content\/uploads\/2025\/03\/turqouise.jpg 929w, https:\/\/www.ny.ljustero.se\/2023\/wp-content\/uploads\/2025\/03\/turqouise-300x225.jpg 300w, https:\/\/www.ny.ljustero.se\/2023\/wp-content\/uploads\/2025\/03\/turqouise-768x576.jpg 768w, https:\/\/www.ny.ljustero.se\/2023\/wp-content\/uploads\/2025\/03\/turqouise-500x375.jpg 500w\" sizes=\"(min-width: 1200px) 33vw, (min-width: 992px) 100vw, (min-width: 768px) 33vw, 100vw\" alt=\"Restaurang Turqouise, Ljuster\u00f6 torg\" loading=\"eager\" decoding=\"async\" class=\"pfg-item-image\"><div class=\"pfg-item-caption pfg-item-caption--overlay\"><h3 class=\"pfg-item-title\">Restaurang Turqouise, Ljuster\u00f6 torg<\/h3><\/div><\/a><\/div><div class=\"pfg-item  pfg-item-hover--hvr-grow-shadow\" data-id=\"449\"><span class=\"pfg-item-type-icon pfg-item-type-icon--link\" title=\"External Link\"><svg xmlns=\"http:\/\/www.w3.org\/2000\/svg\" viewBox=\"0 0 24 24\" fill=\"currentColor\" width=\"14\" height=\"14\"><path d=\"M19 19H5V5h7V3H5c-1.11 0-2 .9-2 2v14c0 1.1.89 2 2 2h14c1.1 0 2-.9 2-2v-7h-2v7zM14 3v2h3.59l-9.83 9.83 1.41 1.41L19 6.41V10h2V3h-7z\"\/><\/svg><\/span><a href=\"https:\/\/www.facebook.com\/profile.php?id=61559794978255\" class=\"pfg-item-link\" target=\"_blank\" rel=\"noopener\"><img src=\"https:\/\/www.ny.ljustero.se\/2023\/wp-content\/uploads\/2025\/03\/jakobs-grill.jpg\" srcset=\"https:\/\/www.ny.ljustero.se\/2023\/wp-content\/uploads\/2025\/03\/jakobs-grill.jpg 720w, https:\/\/www.ny.ljustero.se\/2023\/wp-content\/uploads\/2025\/03\/jakobs-grill-225x300.jpg 225w, https:\/\/www.ny.ljustero.se\/2023\/wp-content\/uploads\/2025\/03\/jakobs-grill-375x500.jpg 375w\" sizes=\"(min-width: 1200px) 33vw, (min-width: 992px) 100vw, (min-width: 768px) 33vw, 100vw\" alt=\"jakobs grill\" loading=\"eager\" decoding=\"async\" class=\"pfg-item-image\"><div class=\"pfg-item-caption pfg-item-caption--overlay\"><h3 class=\"pfg-item-title\">jakobs grill<\/h3><\/div><\/a><\/div><div class=\"pfg-item  pfg-item-hover--hvr-grow-shadow\" data-id=\"450\"><span class=\"pfg-item-type-icon pfg-item-type-icon--link\" title=\"External Link\"><svg xmlns=\"http:\/\/www.w3.org\/2000\/svg\" viewBox=\"0 0 24 24\" fill=\"currentColor\" width=\"14\" height=\"14\"><path d=\"M19 19H5V5h7V3H5c-1.11 0-2 .9-2 2v14c0 1.1.89 2 2 2h14c1.1 0 2-.9 2-2v-7h-2v7zM14 3v2h3.59l-9.83 9.83 1.41 1.41L19 6.41V10h2V3h-7z\"\/><\/svg><\/span><a href=\"https:\/\/www.facebook.com\/pizzerialjustero\/?locale=sv_SE\" class=\"pfg-item-link\" target=\"_blank\" rel=\"noopener\"><img src=\"https:\/\/www.ny.ljustero.se\/2023\/wp-content\/uploads\/2025\/03\/ljustero-pizzeria.jpg\" srcset=\"https:\/\/www.ny.ljustero.se\/2023\/wp-content\/uploads\/2025\/03\/ljustero-pizzeria.jpg 552w, https:\/\/www.ny.ljustero.se\/2023\/wp-content\/uploads\/2025\/03\/ljustero-pizzeria-300x276.jpg 300w, https:\/\/www.ny.ljustero.se\/2023\/wp-content\/uploads\/2025\/03\/ljustero-pizzeria-500x460.jpg 500w\" sizes=\"(min-width: 1200px) 33vw, (min-width: 992px) 100vw, (min-width: 768px) 33vw, 100vw\" alt=\"Ljuster\u00f6 pizzeria\" loading=\"eager\" decoding=\"async\" class=\"pfg-item-image\"><div class=\"pfg-item-caption pfg-item-caption--overlay\"><h3 class=\"pfg-item-title\">Ljuster\u00f6 pizzeria<\/h3><\/div><\/a><\/div><div class=\"pfg-item  pfg-item-hover--hvr-grow-shadow\" data-id=\"451\"><span class=\"pfg-item-type-icon pfg-item-type-icon--link\" title=\"External Link\"><svg xmlns=\"http:\/\/www.w3.org\/2000\/svg\" viewBox=\"0 0 24 24\" fill=\"currentColor\" width=\"14\" height=\"14\"><path d=\"M19 19H5V5h7V3H5c-1.11 0-2 .9-2 2v14c0 1.1.89 2 2 2h14c1.1 0 2-.9 2-2v-7h-2v7zM14 3v2h3.59l-9.83 9.83 1.41 1.41L19 6.41V10h2V3h-7z\"\/><\/svg><\/span><a href=\"https:\/\/www.facebook.com\/p\/Thai-Nan-Ljuster-torg-100066495622310\/\" class=\"pfg-item-link\" target=\"_blank\" rel=\"noopener\"><img src=\"https:\/\/www.ny.ljustero.se\/2023\/wp-content\/uploads\/2025\/03\/thai-nan.jpg\" srcset=\"https:\/\/www.ny.ljustero.se\/2023\/wp-content\/uploads\/2025\/03\/thai-nan.jpg 600w, https:\/\/www.ny.ljustero.se\/2023\/wp-content\/uploads\/2025\/03\/thai-nan-300x300.jpg 300w, https:\/\/www.ny.ljustero.se\/2023\/wp-content\/uploads\/2025\/03\/thai-nan-150x150.jpg 150w, https:\/\/www.ny.ljustero.se\/2023\/wp-content\/uploads\/2025\/03\/thai-nan-500x500.jpg 500w\" sizes=\"(min-width: 1200px) 33vw, (min-width: 992px) 100vw, (min-width: 768px) 33vw, 100vw\" alt=\"Thai Nan\" loading=\"eager\" decoding=\"async\" class=\"pfg-item-image\"><div class=\"pfg-item-caption pfg-item-caption--overlay\"><h3 class=\"pfg-item-title\">Thai Nan<\/h3><\/div><\/a><\/div><div class=\"pfg-item  pfg-item-hover--hvr-grow-shadow\" data-id=\"452\"><span class=\"pfg-item-type-icon pfg-item-type-icon--link\" title=\"External Link\"><svg xmlns=\"http:\/\/www.w3.org\/2000\/svg\" viewBox=\"0 0 24 24\" fill=\"currentColor\" width=\"14\" height=\"14\"><path d=\"M19 19H5V5h7V3H5c-1.11 0-2 .9-2 2v14c0 1.1.89 2 2 2h14c1.1 0 2-.9 2-2v-7h-2v7zM14 3v2h3.59l-9.83 9.83 1.41 1.41L19 6.41V10h2V3h-7z\"\/><\/svg><\/span><a href=\"https:\/\/www.facebook.com\/p\/GelatoChill_ljuster-100066255835464\/\" class=\"pfg-item-link\" target=\"_blank\" rel=\"noopener\"><img src=\"https:\/\/www.ny.ljustero.se\/2023\/wp-content\/uploads\/2025\/03\/gelato-chill.jpg\" srcset=\"https:\/\/www.ny.ljustero.se\/2023\/wp-content\/uploads\/2025\/03\/gelato-chill.jpg 513w, https:\/\/www.ny.ljustero.se\/2023\/wp-content\/uploads\/2025\/03\/gelato-chill-257x300.jpg 257w, https:\/\/www.ny.ljustero.se\/2023\/wp-content\/uploads\/2025\/03\/gelato-chill-428x500.jpg 428w\" sizes=\"(min-width: 1200px) 33vw, (min-width: 992px) 100vw, (min-width: 768px) 33vw, 100vw\" alt=\"Gelato chill\" loading=\"eager\" decoding=\"async\" class=\"pfg-item-image\"><div class=\"pfg-item-caption pfg-item-caption--overlay\"><h3 class=\"pfg-item-title\">Gelato chill<\/h3><\/div><\/a><\/div><div class=\"pfg-item  pfg-item-hover--hvr-grow-shadow\" data-id=\"453\"><span class=\"pfg-item-type-icon pfg-item-type-icon--link\" title=\"External Link\"><svg xmlns=\"http:\/\/www.w3.org\/2000\/svg\" viewBox=\"0 0 24 24\" fill=\"currentColor\" width=\"14\" height=\"14\"><path d=\"M19 19H5V5h7V3H5c-1.11 0-2 .9-2 2v14c0 1.1.89 2 2 2h14c1.1 0 2-.9 2-2v-7h-2v7zM14 3v2h3.59l-9.83 9.83 1.41 1.41L19 6.41V10h2V3h-7z\"\/><\/svg><\/span><a href=\"https:\/\/ljusterogolf.se\/restaurang\/\" class=\"pfg-item-link\" target=\"_blank\" rel=\"noopener\"><img src=\"https:\/\/www.ny.ljustero.se\/2023\/wp-content\/uploads\/2025\/03\/Ljustero-golf.jpg\" srcset=\"https:\/\/www.ny.ljustero.se\/2023\/wp-content\/uploads\/2025\/03\/Ljustero-golf.jpg 497w, https:\/\/www.ny.ljustero.se\/2023\/wp-content\/uploads\/2025\/03\/Ljustero-golf-300x240.jpg 300w\" sizes=\"(min-width: 1200px) 33vw, (min-width: 992px) 100vw, (min-width: 768px) 33vw, 100vw\" alt=\"Ljuster\u00f6 Golfklubb, restaurangen\" loading=\"eager\" decoding=\"async\" class=\"pfg-item-image\"><div class=\"pfg-item-caption pfg-item-caption--overlay\"><h3 class=\"pfg-item-title\">Ljuster\u00f6 Golfklubb, restaurangen<\/h3><\/div><\/a><\/div><\/div><\/div>\n","protected":false},"excerpt":{"rendered":"","protected":false},"author":1,"featured_media":0,"parent":0,"menu_order":0,"comment_status":"closed","ping_status":"closed","template":"","meta":{"footnotes":""},"class_list":["post-18","page","type-page","status-publish","hentry"],"_links":{"self":[{"href":"https:\/\/www.ny.ljustero.se\/2023\/wp-json\/wp\/v2\/pages\/18","targetHints":{"allow":["GET"]}}],"collection":[{"href":"https:\/\/www.ny.ljustero.se\/2023\/wp-json\/wp\/v2\/pages"}],"about":[{"href":"https:\/\/www.ny.ljustero.se\/2023\/wp-json\/wp\/v2\/types\/page"}],"author":[{"embeddable":true,"href":"https:\/\/www.ny.ljustero.se\/2023\/wp-json\/wp\/v2\/users\/1"}],"replies":[{"embeddable":true,"href":"https:\/\/www.ny.ljustero.se\/2023\/wp-json\/wp\/v2\/comments?post=18"}],"version-history":[{"count":6,"href":"https:\/\/www.ny.ljustero.se\/2023\/wp-json\/wp\/v2\/pages\/18\/revisions"}],"predecessor-version":[{"id":477,"href":"https:\/\/www.ny.ljustero.se\/2023\/wp-json\/wp\/v2\/pages\/18\/revisions\/477"}],"wp:attachment":[{"href":"https:\/\/www.ny.ljustero.se\/2023\/wp-json\/wp\/v2\/media?parent=18"}],"curies":[{"name":"wp","href":"https:\/\/api.w.org\/{rel}","templated":true}]}}